{"id":18519,"date":"2024-10-15T12:25:34","date_gmt":"2024-10-15T16:25:34","guid":{"rendered":"https:\/\/onyone.ca\/?post_type=product&#038;p=18519"},"modified":"2025-04-25T12:40:24","modified_gmt":"2025-04-25T16:40:24","slug":"manteau-de-ski-performance-5","status":"publish","type":"product","link":"https:\/\/onyone.ca\/fr\/produit\/manteau-de-ski-performance-5\/","title":{"rendered":"Manteau de ski Performance"},"content":{"rendered":"<h3>Description du Manteau de ski Performance pour femme &#8211; Collection TEAM:<\/h3>\n<h4><\/h4>\n<h4>La Collection TEAM : Excellence In\u00e9gal\u00e9e en V\u00eatements de Ski Alpin pour Femmes<\/h4>\n<p>Avec la collection TEAM, ON-YO-NE r\u00e9affirme son engagement \u00e0 offrir les meilleurs v\u00eatements de ski alpin pour femmes au monde, \u00e9tablissant un standard v\u00e9ritablement in\u00e9gal\u00e9.<\/p>\n<p>Tous les Manteau de ski-Performance de la collection TEAM int\u00e8grent le syst\u00e8me <strong>HYGLATER<\/strong>, une avanc\u00e9e technologique de pointe exclusive \u00e0 ONYONE. Ce syst\u00e8me innovant offre un contr\u00f4le optimal de la temp\u00e9rature, vous assurant un confort parfait lors de vos aventures en ski. Il fonctionne en synergie avec une imperm\u00e9abilit\u00e9 de 10 000 mm et une respirabilit\u00e9 de 6 000 g, maximisant votre confort thermique sur les pistes.<\/p>\n<p>Ces manteaux de ski sont con\u00e7us avec une attention m\u00e9ticuleuse aux d\u00e9tails, utilisant des mat\u00e9riaux durables qui assurent une protection essentielle contre les intemp\u00e9ries tout en garantissant une libert\u00e9 de mouvement optimale pour les skieuses.<\/p>\n<p>L&rsquo;alliance parfaite entre performance et style fait de cette collection un choix incontournable pour les skieuses \u00e0 la recherche d&rsquo;\u00e9l\u00e9gance et de fonctionnalit\u00e9.<\/p>\n<p>Pratiques et fonctionnels, nos manteaux sont \u00e9quip\u00e9s de poches zipp\u00e9es, de capuchons ajustables con\u00e7us pour \u00eatre port\u00e9s par-dessus le casque, de jupes pare-neige et de passants pour les pouces.<\/p>\n<p>Que vous soyez d\u00e9butante ou skieuse exp\u00e9riment\u00e9e, les manteaux de ski de la collection TEAM vous garderont au chaud, au sec et \u00e0 l&rsquo;aise, vous permettant de profiter pleinement de chaque instant sur les pistes.<\/p>\n","protected":false},"excerpt":{"rendered":"<p>Description du Manteau de ski Performance pour femme &#8211; Collection TEAM: La Collection TEAM : Excellence In\u00e9gal\u00e9e en V\u00eatements de Ski Alpin pour Femmes Avec la collection TEAM, ON-YO-NE r\u00e9affirme son engagement \u00e0 offrir les meilleurs v\u00eatements de ski alpin pour femmes au monde, \u00e9tablissant un standard v\u00e9ritablement in\u00e9gal\u00e9. Tous les Manteau de ski-Performance de [&hellip;]<\/p>\n","protected":false},"featured_media":29639,"comment_status":"closed","ping_status":"closed","template":"","meta":{"_acf_changed":false},"product_brand":[],"product_cat":[112],"product_tag":[507],"class_list":{"0":"post-18519","1":"product","2":"type-product","3":"status-publish","4":"has-post-thumbnail","6":"collection-team-fr","7":"technology-hyglater-systeme-de-controle-de-la-temperature","8":"technology-tissu-extensible-2-directions","9":"technology-respirabilite-normale","10":"technology-impermeabilite-normale","11":"technology-coutures-etanches","12":"technology-polyester-recycle","13":"technology-laminage-urethane","14":"insulation-isole","15":"gender-femme","16":"category-wear-performance-fr","17":"product_cat-manteaux","18":"product_tag-nouveaute","20":"first","21":"instock","22":"taxable","23":"shipping-taxable","24":"purchasable","25":"product-type-variable"},"acf":[],"yoast_head":"<!-- This site is optimized with the Yoast SEO plugin v27.2 - https:\/\/yoast.com\/product\/yoast-seo-wordpress\/ -->\n<title>Manteau de ski Performance &#8211; Onyone Manteau performance pour femme<\/title>\n<meta name=\"description\" content=\"Avec la ligne TEAM, ON-YO-NE continue d\u2019offrir le meilleur v\u00eatement de ski alpin au monde, con\u00e7u sp\u00e9cifiquement pour les femmes.\" \/>\n<meta name=\"robots\" content=\"index, follow, max-snippet:-1, max-image-preview:large, max-video-preview:-1\" \/>\n<link rel=\"canonical\" href=\"https:\/\/onyone.ca\/fr\/produit\/manteau-de-ski-performance-5\/\" \/>\n<meta property=\"og:locale\" content=\"fr_FR\" \/>\n<meta property=\"og:type\" content=\"article\" \/>\n<meta property=\"og:title\" content=\"Manteau de ski Performance &#8211; Onyone Manteau performance pour femme\" \/>\n<meta property=\"og:description\" content=\"Avec la ligne TEAM, ON-YO-NE continue d\u2019offrir le meilleur v\u00eatement de ski alpin au monde, con\u00e7u sp\u00e9cifiquement pour les femmes.\" \/>\n<meta property=\"og:url\" content=\"https:\/\/onyone.ca\/fr\/produit\/manteau-de-ski-performance-5\/\" \/>\n<meta property=\"og:site_name\" content=\"Onyone\" \/>\n<meta property=\"article:modified_time\" content=\"2025-04-25T16:40:24+00:00\" \/>\n<meta property=\"og:image\" content=\"https:\/\/onyone.ca\/wp-content\/uploads\/2024\/10\/onj97041_950_1_Navy-_-Lime.png\" \/>\n\t<meta property=\"og:image:width\" content=\"800\" \/>\n\t<meta property=\"og:image:height\" content=\"650\" \/>\n\t<meta property=\"og:image:type\" content=\"image\/png\" \/>\n<meta name=\"twitter:card\" content=\"summary_large_image\" \/>\n<meta name=\"twitter:label1\" content=\"Dur\u00e9e de lecture estim\u00e9e\" \/>\n\t<meta name=\"twitter:data1\" content=\"2 minutes\" \/>\n<script type=\"application\/ld+json\" class=\"yoast-schema-graph\">{\"@context\":\"https:\/\/schema.org\",\"@graph\":[{\"@type\":\"WebPage\",\"@id\":\"https:\/\/onyone.ca\/fr\/produit\/manteau-de-ski-performance-5\/\",\"url\":\"https:\/\/onyone.ca\/fr\/produit\/manteau-de-ski-performance-5\/\",\"name\":\"Manteau de ski Performance &#8211; Onyone Manteau performance pour femme\",\"isPartOf\":{\"@id\":\"https:\/\/onyone.ca\/fr\/#website\"},\"primaryImageOfPage\":{\"@id\":\"https:\/\/onyone.ca\/fr\/produit\/manteau-de-ski-performance-5\/#primaryimage\"},\"image\":{\"@id\":\"https:\/\/onyone.ca\/fr\/produit\/manteau-de-ski-performance-5\/#primaryimage\"},\"thumbnailUrl\":\"https:\/\/onyone.ca\/wp-content\/uploads\/2024\/10\/onj97041_950_1_Navy-_-Lime.png\",\"datePublished\":\"2024-10-15T16:25:34+00:00\",\"dateModified\":\"2025-04-25T16:40:24+00:00\",\"description\":\"Avec la ligne TEAM, ON-YO-NE continue d\u2019offrir le meilleur v\u00eatement de ski alpin au monde, con\u00e7u sp\u00e9cifiquement pour les femmes.\",\"breadcrumb\":{\"@id\":\"https:\/\/onyone.ca\/fr\/produit\/manteau-de-ski-performance-5\/#breadcrumb\"},\"inLanguage\":\"fr-FR\",\"potentialAction\":[{\"@type\":\"ReadAction\",\"target\":[\"https:\/\/onyone.ca\/fr\/produit\/manteau-de-ski-performance-5\/\"]}]},{\"@type\":\"ImageObject\",\"inLanguage\":\"fr-FR\",\"@id\":\"https:\/\/onyone.ca\/fr\/produit\/manteau-de-ski-performance-5\/#primaryimage\",\"url\":\"https:\/\/onyone.ca\/wp-content\/uploads\/2024\/10\/onj97041_950_1_Navy-_-Lime.png\",\"contentUrl\":\"https:\/\/onyone.ca\/wp-content\/uploads\/2024\/10\/onj97041_950_1_Navy-_-Lime.png\",\"width\":800,\"height\":650},{\"@type\":\"BreadcrumbList\",\"@id\":\"https:\/\/onyone.ca\/fr\/produit\/manteau-de-ski-performance-5\/#breadcrumb\",\"itemListElement\":[{\"@type\":\"ListItem\",\"position\":1,\"name\":\"Boutique\",\"item\":\"https:\/\/onyone.ca\/fr\/boutique\/\"},{\"@type\":\"ListItem\",\"position\":2,\"name\":\"Manteau de ski Performance\"}]},{\"@type\":\"WebSite\",\"@id\":\"https:\/\/onyone.ca\/fr\/#website\",\"url\":\"https:\/\/onyone.ca\/fr\/\",\"name\":\"Onyone\",\"description\":\"\",\"publisher\":{\"@id\":\"https:\/\/onyone.ca\/fr\/#organization\"},\"potentialAction\":[{\"@type\":\"SearchAction\",\"target\":{\"@type\":\"EntryPoint\",\"urlTemplate\":\"https:\/\/onyone.ca\/fr\/?s={search_term_string}\"},\"query-input\":{\"@type\":\"PropertyValueSpecification\",\"valueRequired\":true,\"valueName\":\"search_term_string\"}}],\"inLanguage\":\"fr-FR\"},{\"@type\":\"Organization\",\"@id\":\"https:\/\/onyone.ca\/fr\/#organization\",\"name\":\"Onyone\",\"url\":\"https:\/\/onyone.ca\/fr\/\",\"logo\":{\"@type\":\"ImageObject\",\"inLanguage\":\"fr-FR\",\"@id\":\"https:\/\/onyone.ca\/fr\/#\/schema\/logo\/image\/\",\"url\":\"https:\/\/onyone.ca\/wp-content\/uploads\/2022\/12\/onyone-logo.svg\",\"contentUrl\":\"https:\/\/onyone.ca\/wp-content\/uploads\/2022\/12\/onyone-logo.svg\",\"width\":160,\"height\":26,\"caption\":\"Onyone\"},\"image\":{\"@id\":\"https:\/\/onyone.ca\/fr\/#\/schema\/logo\/image\/\"}}]}<\/script>\n<!-- \/ Yoast SEO plugin. -->","yoast_head_json":{"title":"Manteau de ski Performance &#8211; Onyone Manteau performance pour femme","description":"Avec la ligne TEAM, ON-YO-NE continue d\u2019offrir le meilleur v\u00eatement de ski alpin au monde, con\u00e7u sp\u00e9cifiquement pour les femmes.","robots":{"index":"index","follow":"follow","max-snippet":"max-snippet:-1","max-image-preview":"max-image-preview:large","max-video-preview":"max-video-preview:-1"},"canonical":"https:\/\/onyone.ca\/fr\/produit\/manteau-de-ski-performance-5\/","og_locale":"fr_FR","og_type":"article","og_title":"Manteau de ski Performance &#8211; Onyone Manteau performance pour femme","og_description":"Avec la ligne TEAM, ON-YO-NE continue d\u2019offrir le meilleur v\u00eatement de ski alpin au monde, con\u00e7u sp\u00e9cifiquement pour les femmes.","og_url":"https:\/\/onyone.ca\/fr\/produit\/manteau-de-ski-performance-5\/","og_site_name":"Onyone","article_modified_time":"2025-04-25T16:40:24+00:00","og_image":[{"width":800,"height":650,"url":"https:\/\/onyone.ca\/wp-content\/uploads\/2024\/10\/onj97041_950_1_Navy-_-Lime.png","type":"image\/png"}],"twitter_card":"summary_large_image","twitter_misc":{"Dur\u00e9e de lecture estim\u00e9e":"2 minutes"},"schema":{"@context":"https:\/\/schema.org","@graph":[{"@type":"WebPage","@id":"https:\/\/onyone.ca\/fr\/produit\/manteau-de-ski-performance-5\/","url":"https:\/\/onyone.ca\/fr\/produit\/manteau-de-ski-performance-5\/","name":"Manteau de ski Performance &#8211; Onyone Manteau performance pour femme","isPartOf":{"@id":"https:\/\/onyone.ca\/fr\/#website"},"primaryImageOfPage":{"@id":"https:\/\/onyone.ca\/fr\/produit\/manteau-de-ski-performance-5\/#primaryimage"},"image":{"@id":"https:\/\/onyone.ca\/fr\/produit\/manteau-de-ski-performance-5\/#primaryimage"},"thumbnailUrl":"https:\/\/onyone.ca\/wp-content\/uploads\/2024\/10\/onj97041_950_1_Navy-_-Lime.png","datePublished":"2024-10-15T16:25:34+00:00","dateModified":"2025-04-25T16:40:24+00:00","description":"Avec la ligne TEAM, ON-YO-NE continue d\u2019offrir le meilleur v\u00eatement de ski alpin au monde, con\u00e7u sp\u00e9cifiquement pour les femmes.","breadcrumb":{"@id":"https:\/\/onyone.ca\/fr\/produit\/manteau-de-ski-performance-5\/#breadcrumb"},"inLanguage":"fr-FR","potentialAction":[{"@type":"ReadAction","target":["https:\/\/onyone.ca\/fr\/produit\/manteau-de-ski-performance-5\/"]}]},{"@type":"ImageObject","inLanguage":"fr-FR","@id":"https:\/\/onyone.ca\/fr\/produit\/manteau-de-ski-performance-5\/#primaryimage","url":"https:\/\/onyone.ca\/wp-content\/uploads\/2024\/10\/onj97041_950_1_Navy-_-Lime.png","contentUrl":"https:\/\/onyone.ca\/wp-content\/uploads\/2024\/10\/onj97041_950_1_Navy-_-Lime.png","width":800,"height":650},{"@type":"BreadcrumbList","@id":"https:\/\/onyone.ca\/fr\/produit\/manteau-de-ski-performance-5\/#breadcrumb","itemListElement":[{"@type":"ListItem","position":1,"name":"Boutique","item":"https:\/\/onyone.ca\/fr\/boutique\/"},{"@type":"ListItem","position":2,"name":"Manteau de ski Performance"}]},{"@type":"WebSite","@id":"https:\/\/onyone.ca\/fr\/#website","url":"https:\/\/onyone.ca\/fr\/","name":"Onyone","description":"","publisher":{"@id":"https:\/\/onyone.ca\/fr\/#organization"},"potentialAction":[{"@type":"SearchAction","target":{"@type":"EntryPoint","urlTemplate":"https:\/\/onyone.ca\/fr\/?s={search_term_string}"},"query-input":{"@type":"PropertyValueSpecification","valueRequired":true,"valueName":"search_term_string"}}],"inLanguage":"fr-FR"},{"@type":"Organization","@id":"https:\/\/onyone.ca\/fr\/#organization","name":"Onyone","url":"https:\/\/onyone.ca\/fr\/","logo":{"@type":"ImageObject","inLanguage":"fr-FR","@id":"https:\/\/onyone.ca\/fr\/#\/schema\/logo\/image\/","url":"https:\/\/onyone.ca\/wp-content\/uploads\/2022\/12\/onyone-logo.svg","contentUrl":"https:\/\/onyone.ca\/wp-content\/uploads\/2022\/12\/onyone-logo.svg","width":160,"height":26,"caption":"Onyone"},"image":{"@id":"https:\/\/onyone.ca\/fr\/#\/schema\/logo\/image\/"}}]}},"_links":{"self":[{"href":"https:\/\/onyone.ca\/fr\/wp-json\/wp\/v2\/product\/18519","targetHints":{"allow":["GET"]}}],"collection":[{"href":"https:\/\/onyone.ca\/fr\/wp-json\/wp\/v2\/product"}],"about":[{"href":"https:\/\/onyone.ca\/fr\/wp-json\/wp\/v2\/types\/product"}],"replies":[{"embeddable":true,"href":"https:\/\/onyone.ca\/fr\/wp-json\/wp\/v2\/comments?post=18519"}],"wp:featuredmedia":[{"embeddable":true,"href":"https:\/\/onyone.ca\/fr\/wp-json\/wp\/v2\/media\/29639"}],"wp:attachment":[{"href":"https:\/\/onyone.ca\/fr\/wp-json\/wp\/v2\/media?parent=18519"}],"wp:term":[{"taxonomy":"product_brand","embeddable":true,"href":"https:\/\/onyone.ca\/fr\/wp-json\/wp\/v2\/product_brand?post=18519"},{"taxonomy":"product_cat","embeddable":true,"href":"https:\/\/onyone.ca\/fr\/wp-json\/wp\/v2\/product_cat?post=18519"},{"taxonomy":"product_tag","embeddable":true,"href":"https:\/\/onyone.ca\/fr\/wp-json\/wp\/v2\/product_tag?post=18519"}],"curies":[{"name":"wp","href":"https:\/\/api.w.org\/{rel}","templated":true}]}}